{"id":21,"date":"2025-04-07T22:28:01","date_gmt":"2025-04-07T22:28:01","guid":{"rendered":"http:\/\/johanneskretz.bplaced.net\/WWW-BURT\/?page_id=21"},"modified":"2025-04-07T22:28:02","modified_gmt":"2025-04-07T22:28:02","slug":"charakteristik","status":"publish","type":"page","link":"https:\/\/johanneskretz.bplaced.net\/WWW-BURT\/?page_id=21","title":{"rendered":"Charakteristik"},"content":{"rendered":"<div class=\"wp-block-image\">\n<figure class=\"aligncenter size-full\"><img loading=\"lazy\" decoding=\"async\" width=\"504\" height=\"373\" src=\"http:\/\/johanneskretz.bplaced.net\/WWW-BURT\/wp-content\/uploads\/2025\/04\/smunsymmetrisch.jpeg\" alt=\"\" class=\"wp-image-22\" srcset=\"https:\/\/johanneskretz.bplaced.net\/WWW-BURT\/wp-content\/uploads\/2025\/04\/smunsymmetrisch.jpeg 504w, https:\/\/johanneskretz.bplaced.net\/WWW-BURT\/wp-content\/uploads\/2025\/04\/smunsymmetrisch-300x222.jpeg 300w\" sizes=\"auto, (max-width: 504px) 100vw, 504px\" \/><\/figure>\n<\/div>\n\n\n<div style=\"height:100px\" aria-hidden=\"true\" class=\"wp-block-spacer\"><\/div>\n\n\n\n<p>Nach eingehender Besch\u00e4ftigung in der Mittelschule mit der klassischen und vor allem der romantischen Musikliteratur hat ein sechzehnmonatiger Aufenthalt 1946\/1947 als Armeeoffizier in Nigeria einen sehr befreienden und anregenden Einflu\u00df auf ihn gehabt. Vor allem die Trommelmusik der Ibo-V\u00f6lker in S\u00fcdostnigeria hat sein Interesse f\u00fcr die gestisch-t\u00e4nzerischen,&nbsp; kin\u00e4sthetischen Wesensmerkmale der Musik geweckt.<\/p>\n\n\n\n<p>Nicht, da\u00df irgendwelche Elemente der Ibo-Musik in seiner Arbeit zu finden sind, aber fast das ganze fr\u00fche Werk ist vom T\u00e4nzerischen und Rhythmischen stark gepr\u00e4gt. So k\u00f6nnte man die 1960 an der W\u00fcrttembergischen Staatsoper uraufgef\u00fchrte Oper&nbsp;<em>Volpone<\/em>&nbsp;beinahe eine Tanzoper nennen, denn es kommt zwar kein Ballett darin vor, aber sie ist voll von Tanzformen und von Musik, die die Bewegungen der agierenden S\u00e4nger gestisch darstellt. Das Ballett&nbsp;<em>Der Golem<\/em>, 1965 in Hannover uraufgef\u00fchrt, nimmt dann eine Schl\u00fcsselstellung in Burts Entwicklung ein. Angeregt durch den Stoff, der von ekstatischen religi\u00f6sen Gef\u00fchlen durchdrungen ist, wird die Musik zunehmend melodisch und expressiv; die Festigkeit eines strengen Metrums wird geschw\u00e4cht.<\/p>\n\n\n\n<p>In einem sp\u00e4teren Schl\u00fcsselwerk,&nbsp;<em>Unter der blanken Hacke des Monds<\/em>, treten Klangfl\u00e4chenelemente hervor. Diese, von Anfang an zum Teil polyphon konzipiert, l\u00f6sen sich in den darauffolgenden Werken wie etwa bei&nbsp;<em>Und GOtt der HErr sprach<\/em>&nbsp;beinahe zur G\u00e4nze in Vielstimmigkeit auf. Das Metrum wird weiter geschw\u00e4cht, bis in den neuesten Werken der Takt so gut wie jede strukturelle Funktion verliert und das Tempo st\u00e4ndig in Ver\u00e4nderung begriffen ist.<\/p>\n\n\n\n<p>Der Komponist: &#8220;Ich schreibe jetzt in einem Stil, der in irgendeiner Weise von elektronischer Musik beeinflu\u00dft ist: schwebend, mit nur wenig sp\u00fcrbarem Puls, jedoch mit Klangb\u00e4ndern, -fl\u00e4chen und einer zunehmenden \u00dcberlagerung von Linien zu einem polylinearen Gef\u00fcge. Dennoch bleibt die Geste Ausgangspunkt f\u00fcr all meine Arbeit. In irgendeiner Bedeutung des Wortes war meine Musik immer tonal. Die letzten Reste der klassischen funktionalen Harmonie, die in&nbsp;<em>Volpone<\/em>&nbsp;oft ironisch angewendet wurden, haben sich \u00fcber die Jahre aufgel\u00f6st, aber im Sinne von Tonalit\u00e4t als Spannungsph\u00e4nomen &#8211; und nicht nur als Synonym f\u00fcr funktionale tonale Harmonik &#8211; sind Spannungszentren beinahe immer sp\u00fcrbar.&#8221;<\/p>\n","protected":false},"excerpt":{"rendered":"<p>Nach eingehender Besch\u00e4ftigung in der Mittelschule mit der klassischen und vor allem der romantischen Musikliteratur hat ein sechzehnmonatiger Aufenthalt 1946\/1947 als Armeeoffizier in Nigeria einen sehr befreienden und anregenden Einflu\u00df auf ihn gehabt. Vor allem die Trommelmusik der Ibo-V\u00f6lker in S\u00fcdostnigeria hat sein Interesse f\u00fcr die gestisch-t\u00e4nzerischen,&nbsp; kin\u00e4sthetischen Wesensmerkmale der Musik geweckt. Nicht, da\u00df irgendwelche&hellip;<\/p>\n","protected":false},"author":1,"featured_media":0,"parent":0,"menu_order":0,"comment_status":"closed","ping_status":"closed","template":"","meta":{"footnotes":""},"class_list":["post-21","page","type-page","status-publish","hentry","post"],"_links":{"self":[{"href":"https:\/\/johanneskretz.bplaced.net\/WWW-BURT\/index.php?rest_route=\/wp\/v2\/pages\/21","targetHints":{"allow":["GET"]}}],"collection":[{"href":"https:\/\/johanneskretz.bplaced.net\/WWW-BURT\/index.php?rest_route=\/wp\/v2\/pages"}],"about":[{"href":"https:\/\/johanneskretz.bplaced.net\/WWW-BURT\/index.php?rest_route=\/wp\/v2\/types\/page"}],"author":[{"embeddable":true,"href":"https:\/\/johanneskretz.bplaced.net\/WWW-BURT\/index.php?rest_route=\/wp\/v2\/users\/1"}],"replies":[{"embeddable":true,"href":"https:\/\/johanneskretz.bplaced.net\/WWW-BURT\/index.php?rest_route=%2Fwp%2Fv2%2Fcomments&post=21"}],"version-history":[{"count":1,"href":"https:\/\/johanneskretz.bplaced.net\/WWW-BURT\/index.php?rest_route=\/wp\/v2\/pages\/21\/revisions"}],"predecessor-version":[{"id":23,"href":"https:\/\/johanneskretz.bplaced.net\/WWW-BURT\/index.php?rest_route=\/wp\/v2\/pages\/21\/revisions\/23"}],"wp:attachment":[{"href":"https:\/\/johanneskretz.bplaced.net\/WWW-BURT\/index.php?rest_route=%2Fwp%2Fv2%2Fmedia&parent=21"}],"curies":[{"name":"wp","href":"https:\/\/api.w.org\/{rel}","templated":true}]}}