{"id":26,"date":"2025-04-07T22:30:30","date_gmt":"2025-04-07T22:30:30","guid":{"rendered":"http:\/\/johanneskretz.bplaced.net\/WWW-BURT\/?page_id=26"},"modified":"2025-04-07T22:30:30","modified_gmt":"2025-04-07T22:30:30","slug":"impressum","status":"publish","type":"page","link":"https:\/\/johanneskretz.bplaced.net\/WWW-BURT\/?page_id=26","title":{"rendered":"Impressum"},"content":{"rendered":"\n<p><strong>Francis-Burt-Stiftung:<\/strong><\/p>\n\n\n\n<p>1030 Wien, Marxergasse 34<\/p>\n\n\n\n<p><strong>Zweck der Stiftung:<\/strong><\/p>\n\n\n\n<p>F\u00f6rderung der Musik,<\/p>\n\n\n\n<p>a) durch die Pflege des Andenkens und der Werke von Prof. Francis Burt und zwar insbesondere durch F\u00f6rderung dazu berufener Institutionen und Personen,<\/p>\n\n\n\n<p>b) durch Aussetzung von Stipendien an k\u00fcnstlerisch qualifizierte Studierende und\/oder k\u00fcnstlerisch qualifizierte Absolventen des Kompositionsfaches (Universit\u00e4t f\u00fcr Musik und darstellende Kunst Wien, Institut f\u00fcr Komposition und Elektroakustik; Universit\u00e4t f\u00fcr Musik und darstellende Kunst Graz, Institut f\u00fcr Komposition und Musiktheorie; Musikuniversit\u00e4t Salzburg &#8220;Mozarteum&#8221;, Fachabteilung f\u00fcr Dirigieren\/Komposition und Musiktheorie) zur Erm\u00f6glichung von mit musikalischer Fortbildung verbundenen Reisen.<\/p>\n\n\n\n<p><strong>Vertretungsorgane der Stiftung:<\/strong><\/p>\n\n\n\n<p>Wolfgang Liebhart, Johannes Kretz, Gerd K\u00fchr, Christian Ofenbauer<\/p>\n\n\n\n<p><strong>Quellen:<\/strong><\/p>\n\n\n\n<p><a href=\"http:\/\/www.universaledition.com\/\">Universal Edition<\/a><\/p>\n\n\n\n<p><a href=\"http:\/\/www.mica.at\/\">Mica<\/a><\/p>\n\n\n\n<p>Francis Burt<\/p>\n\n\n\n<p><strong>Fotos:<\/strong><\/p>\n\n\n\n<p>Copyright Christof Krumpel: Testarellog. 17\/3, A-1130 Wien, Tel. +43\/1\/8763891<\/p>\n","protected":false},"excerpt":{"rendered":"<p>Francis-Burt-Stiftung: 1030 Wien, Marxergasse 34 Zweck der Stiftung: F\u00f6rderung der Musik, a) durch die Pflege des Andenkens und der Werke von Prof. Francis Burt und zwar insbesondere durch F\u00f6rderung dazu berufener Institutionen und Personen, b) durch Aussetzung von Stipendien an k\u00fcnstlerisch qualifizierte Studierende und\/oder k\u00fcnstlerisch qualifizierte Absolventen des Kompositionsfaches (Universit\u00e4t f\u00fcr Musik und darstellende Kunst&hellip;<\/p>\n","protected":false},"author":1,"featured_media":0,"parent":0,"menu_order":0,"comment_status":"closed","ping_status":"closed","template":"","meta":{"footnotes":""},"class_list":["post-26","page","type-page","status-publish","hentry","post"],"_links":{"self":[{"href":"https:\/\/johanneskretz.bplaced.net\/WWW-BURT\/index.php?rest_route=\/wp\/v2\/pages\/26","targetHints":{"allow":["GET"]}}],"collection":[{"href":"https:\/\/johanneskretz.bplaced.net\/WWW-BURT\/index.php?rest_route=\/wp\/v2\/pages"}],"about":[{"href":"https:\/\/johanneskretz.bplaced.net\/WWW-BURT\/index.php?rest_route=\/wp\/v2\/types\/page"}],"author":[{"embeddable":true,"href":"https:\/\/johanneskretz.bplaced.net\/WWW-BURT\/index.php?rest_route=\/wp\/v2\/users\/1"}],"replies":[{"embeddable":true,"href":"https:\/\/johanneskretz.bplaced.net\/WWW-BURT\/index.php?rest_route=%2Fwp%2Fv2%2Fcomments&post=26"}],"version-history":[{"count":1,"href":"https:\/\/johanneskretz.bplaced.net\/WWW-BURT\/index.php?rest_route=\/wp\/v2\/pages\/26\/revisions"}],"predecessor-version":[{"id":27,"href":"https:\/\/johanneskretz.bplaced.net\/WWW-BURT\/index.php?rest_route=\/wp\/v2\/pages\/26\/revisions\/27"}],"wp:attachment":[{"href":"https:\/\/johanneskretz.bplaced.net\/WWW-BURT\/index.php?rest_route=%2Fwp%2Fv2%2Fmedia&parent=26"}],"curies":[{"name":"wp","href":"https:\/\/api.w.org\/{rel}","templated":true}]}}