{"id":30,"date":"2025-04-07T22:33:33","date_gmt":"2025-04-07T22:33:33","guid":{"rendered":"http:\/\/johanneskretz.bplaced.net\/WWW-BURT\/?page_id=30"},"modified":"2025-04-07T23:27:08","modified_gmt":"2025-04-07T23:27:08","slug":"werkliste","status":"publish","type":"page","link":"https:\/\/johanneskretz.bplaced.net\/WWW-BURT\/?page_id=30","title":{"rendered":"Werkliste"},"content":{"rendered":"<div class=\"wp-block-image\">\n<figure class=\"aligncenter size-full\"><img loading=\"lazy\" decoding=\"async\" width=\"415\" height=\"586\" src=\"http:\/\/johanneskretz.bplaced.net\/WWW-BURT\/wp-content\/uploads\/2025\/04\/smKunstwerk-1.jpeg\" alt=\"\" class=\"wp-image-76\" srcset=\"https:\/\/johanneskretz.bplaced.net\/WWW-BURT\/wp-content\/uploads\/2025\/04\/smKunstwerk-1.jpeg 415w, https:\/\/johanneskretz.bplaced.net\/WWW-BURT\/wp-content\/uploads\/2025\/04\/smKunstwerk-1-212x300.jpeg 212w\" sizes=\"auto, (max-width: 415px) 100vw, 415px\" \/><\/figure>\n<\/div>\n\n\n<div style=\"height:100px\" aria-hidden=\"true\" class=\"wp-block-spacer\"><\/div>\n\n\n\n<h2 class=\"wp-block-heading\"><strong>B\u00fchnenwerke<\/strong><\/h2>\n\n\n\n<p><strong>VOLPONE or THE FOX op. 9 (1952\/1958; revidierte Fassung 1960\/1961)<br><\/strong>Opera in four Acts after the play by Ben Jonson; Originalsprache: Englisch, deutsche \u00dcbertragung: Arnold H. Eichmann.<br>Volpone, Ba\u00df \/ Mosca, Tenor \/ Voltore, Bariton \/ Corbaccio, Tenor \/ Corvino, Ba\u00df \/ Bonario, Bariton \/ Celia, Sopran \/ Androgyno, Mezzosopran \/ Nano, Tenor \/ Buffone, Bariton \/ 4 kleinere Partien<br>Chor: SATB<br>Instr: 3\u00b72\u00b72\u00b72 &#8211; 4\u00b73\u00b73\u00b71 &#8211; Pk., Perc. &#8211; Hf. &#8211; Str.<br>abendf\u00fcllend&nbsp;<br>Urauff\u00fchrung: 1960, Stuttgart; revidierte Fassung 1963, Oldenburg<br>UE 12808 Klavierauszug englisch, deutsch k\u00e4uflich \/ UE 12810 Textbuch (nur deutsch) k\u00e4uflich \/ Auff\u00fchrungsmaterial leihweise<\/p>\n\n\n\n<p><strong>DER GOLEM op. 11 (1959\/1963)<br><\/strong>Ballett in einem Bild von Erika Hanka, Yvonne Georgi und Francis Burt<br>Instr: 3\u00b73\u00b73\u00b73 &#8211; 4\u00b73\u00b73\u00b71 &#8211; Pk., Perc. (3) &#8211; Str.<br>35&#8242;&nbsp;<br>1 B\u00fchnenbild<br>Urauff\u00fchrung: 1965, Hannover.<br>UE 13853 Klavierauszug k\u00e4uflich \/ Auff\u00fchrungsmaterial leihweise<br>CD Francis Burt Amadeo 431 853 &#8211; 2 (\u00d6sterreichische Musik der Gegenwart)<\/p>\n\n\n\n<p><strong>BARNSTABLE oder JEMAND AUF DEM DACHBODEN op. 13 (1967\/1969)<\/strong><br>Oper in einem Akt nach dem Schauspiel &#8220;Barnstable&#8221; von James Saunders in der \u00dcbersetzung von Hilde Spiel.<br>Charles Carboy, Charaktertenor \/ Daphne, seine Frau,<br>Mezzosopran \/ Helene, seine Tochter, Mezzosopran \/ Ehrw\u00fcrden Peregrin Teeter,<br>Bariton \/ Sandra, das Dienstm\u00e4dchen, Sopran<br>ohne Chor<br>Instr: 3\u00b73\u00b73\u00b73 &#8211; 4\u00b73\u00b73\u00b71 &#8211; Pk., Perc.(3) &#8211; Cel., Klav. &#8211; Str. &#8211; Auf der B\u00fchne: 2 Fl., Tonband<br>1 B\u00fchnenbild<br>55&#8242;<br>Urauff\u00fchrung: 1969, Kassel<br>B\u00e4renreiter Verlag 6008 a Klavierauszug k\u00e4uflich \/ Auff\u00fchrungsmaterial leihweise<\/p>\n\n\n\n<p><strong>Mahan (Oper) (1997-2007)<\/strong><br>Oper in sieben Bildern<br>Libretto: Richard Bletschacher<br>Mahan, ein erfolgreicher junger Mann, Tenor \/ Callaghan, sein Jugendfreund, Bariton \/ Die Freundin, Sprechrolle \/ Der erste Freund, Sprechrolle \/ Der zweite Freund, Sprechrolle \/ Der alte Mann, Bass \/ Die alte Frau, Mezzosopran \/ Das junge M\u00e4dchen, hoher Sopran \/ Der Aufseher, Bassbariton \/ Der T\u00fcrh\u00fcter, Bass \/ Die schlaflose Frau, Alt \/ Der Herr des Gartens, Charaktertenor \/ Das erste M\u00e4dchen, Sopran \/ Das zweite M\u00e4dchen, Sopran \/ Das dritte M\u00e4dchen, Mezzosopran \/ Der erste Hafenarbeiter, Tenor \/ Der zweite Hafenarbeiter, Bariton \/ Statisterie: Lagerinsassen, Aufseher, Gehilfen; Diener und Partyg\u00e4ste<br>Chor: SSAATTBB: acht Stimmen aus den Fenstern eines Zinshofes sowie sp\u00e4ter acht Stimmen im Dunkeln<br>Instr.: 3 3 3 3 &#8211; 4 3 3 1 &#8211; Pk, Schl(3), Hf, Cel, Klav, Ssax(B), E-Git, Str<br>Ansichts- bzw. Auff\u00fchrungsmaterial:&nbsp;UE<\/p>\n\n\n\n<h2 class=\"wp-block-heading\"><strong>Vokalmusik<\/strong><\/h2>\n\n\n\n<p><strong>Two songs of David op.1 (1951)<br><\/strong>f\u00fcr Chor a capella<br>I. David&#8217;s lament over Saul and Jonathan (II.Samuel 1.19, 23-27)<br>II. O sing unto the Lord a new song (Psalm 98)<br>6&#8242;<br>unver\u00f6ffentlicht<\/p>\n\n\n\n<p><strong>H\u00dcTE (1952)<br><\/strong>Nr.3 aus dem &#8220;Liederheft f\u00fcr Margot und H. H. S.&#8221;<br>7 Lieder nach Gedichten von Carl Sandburg f\u00fcr mittlere Stimme und Klavier<br>2&#8242;<br>k\u00e4uflich im Verlag Bote &amp; Bock<\/p>\n\n\n\n<p><strong>THE SKULL op. 6 (1953\/54)<br><\/strong>Being the Meditation of a Courtier upon the Skull of his Poisoned Mistress.<br>Cantata for Tenor and piano from the play &#8220;The Revenger&#8217;s Tragedy&#8221; by Cyril Tourneur<br>8&#8242;<br>UE k\u00e4uflich<\/p>\n\n\n\n<p><strong>THE SKULL \u00b7 Der Sch\u00e4del op.6 revidierte Version(1955)<br><\/strong>Kantate f\u00fcr Tenor und Orchester<br>Deutsche \u00dcbertragung: Ernst Hartmann<br>Instr: 2\u00b72\u00b72\u00b72 &#8211; 2\u00b72\u00b72\u00b70 &#8211; Pk. &#8211; Str.<br>10&#8242;<br>UE 12790 Klavierauszug k\u00e4uflich englisch, deutsch&nbsp;Auff\u00fchrungsmaterial leihweise<\/p>\n\n\n\n<p><strong>UNTER DER BLANKEN HACKE DES MONDS (1974\/1976)<br><\/strong>f\u00fcr Bariton und Orchester nach Gedichten von Peter Huchel<br>Instr: 3(3. auch Picc.)\u00b72\u00b7EH\u00b73\u00b73(3. auch Kfg.) &#8211; 4\u00b73\u00b73\u00b71 &#8211; Pk., Perc.(3) &#8211; Hf., Cel., Klav. &#8211; Str.: 12. 12. 10. 8. 8<br>17&#8242;<br>UE 18416 Klavierauszug k\u00e4uflich \/ Auff\u00fchrungsmaterial leihweise&nbsp;&nbsp;<\/p>\n\n\n\n<p><strong>UND GOTT DER HERR SPRACH (1976-1983)<br><\/strong>Betrachtungen nach einer goldenen Hochzeit f\u00fcr Mezzosopran, Bariton, Bass, zwei gemischte Ch\u00f6re und gro\u00dfes Orchester<br>Text aus dem Alten Testament in der \u00dcbersetzung von Martin Luther.<br>Instr: 4(1. auch BassfI., 2. auch Alt-FI, 3. und 4. auch&nbsp; Picc.)\u00b74(4. auch EH)\u00b74 (3. auch Es-Klar., 4. auch&nbsp; Bassklar.)\u00b73\u00b7Kfg.<br>&#8211; 6\u00b74 (1. und 2. auch Picc.-Trp.)\u00b74\u00b71 &#8211;&nbsp; Pk.(2), Perc.(5)-Cel., Klav., Orgel &#8211; Str.<br>40&#8242;<br>UE 17726 Klavierauszug k\u00e4uflich \/ Auff\u00fchrungsmaterial leihweise<br>CD: NMC DO63 M<\/p>\n\n\n\n<p><strong>BAVARIAN GENTIANS (1956\/2001)<\/strong><br>f\u00fcr Kammerchor und sechs Instrumentalisten<br>nach einem Gedicht von D.H.Lawrence<br>13&#8242;<br>UE 13918 Studienpartitur k\u00e4uflich \/ Auff\u00fchrungsmaterial leihweise<\/p>\n\n\n\n<p><strong>Mariens Wiegenlied f\u00fcr Chor a capella (2011)<br><\/strong>Gedicht von Lope de Vega (1562\u20131635), Deutsch von Richard Bletschacher (*1936)5&#8242;<br>UE Partitur k\u00e4uflich \/ Auff\u00fchrungsmaterial leihweise<\/p>\n\n\n\n<h2 class=\"wp-block-heading\"><strong>Orchestermusik<\/strong><\/h2>\n\n\n\n<p><strong>JAMBEN op. 5 (1953)<br><\/strong>f\u00fcr Orchester<br>Instr: 3\u00b72\u00b72\u00b72 &#8211; 4\u00b73\u00b73\u00b71 &#8211; Pk., Perc. &#8211; Str.<br>10&#8242;<br>Verlag Bote &amp; Bock Studienpartitur k\u00e4uflich \/ Auff\u00fchrungsmaterial leihweise<br>CD ORF Edition Zeitton CD 173 (Best. Nr. CD 2001 785 ORF Shop, 1040 Wien, E-Mail:&nbsp;<a href=\"mailto:orfshop@orf.at\">orfshop@orf.at<\/a>&nbsp;)<\/p>\n\n\n\n<p><strong>ESPRESSIONE ORCHESTRALE op. 10 (1958\/1959)<br><\/strong>f\u00fcr Orchester<br>Instr: 3\u00b72\u00b72\u00b72 &#8211; 4\u00b73\u00b73\u00b71 &#8211; Pk., Perc.(2) &#8211; Str.<br>13&#8242;<br>UE 13434 Studienpartitur k\u00e4uflich \/ Auff\u00fchrungsmaterial leihweise<\/p>\n\n\n\n<p><strong>FANTASMAGORIA PER ORCHESTRA op. 12 (1963)<br><\/strong>Instr: 3\u00b73\u00b73\u00b73 &#8211; 4\u00b73\u00b73\u00b71 &#8211; Pk., Perc.(2) &#8211; Str.<br>14&#8242;<br>UE 15178 Studienpartitur k\u00e4uflich \/ Auff\u00fchrungsmaterial leihweise &nbsp;<br>CD&nbsp;Radio Symphonie Orchester Wien, Dennis Russel Davies, ORF Edition Zeitton, CD 325<\/p>\n\n\n\n<p><strong>MORGANA (1985\/1986)<br><\/strong>F\u00fcnf Bilder&nbsp; f\u00fcr Orchester<br>Instr: 1\u00b71\u00b71\u00b71 &#8211; 1\u00b71\u00b71\u00b70 &#8211; Str.: 12\u00b712\u00b710\u00b78\u00b76<br>15&#8242;<br>UE 18417K Studienpartitur k\u00e4uflich&nbsp;\/&nbsp;Auff\u00fchrungsmaterial leihweise<br>CD Francis Burt Amadeo 431 853 &#8211; 2 (\u00d6sterreichische Musik der Gegenwart)<\/p>\n\n\n\n<p><strong>BLIND VISIONS (1994\/1995)<\/strong><br>f\u00fcr Oboe und kleines Orchester<br>Solist: Oboe \u2014 Instr: 2 Trp. (auch Picc.-Trp.), 2 Pos. (1. auch Alt-Pos.) &#8211; Perc., Vibr., Marimbaphon &#8211; Cimbalom &#8211; Str.: 8\u00b76\u00b74\u00b74\u00b72<br>17&#8242;<br>UE 30881 Partitur k\u00e4uflich&nbsp;\/ Auff\u00fchrungsmaterial leihweise<\/p>\n\n\n\n<h2 class=\"wp-block-heading\"><br><strong>Kleines Ensemble und Solo-Instrument<\/strong><\/h2>\n\n\n\n<p><strong>THREE LITTLE PIANO PIECES FOR J. J. (1949)<br><\/strong>3&#8242;<br>UE 19886 k\u00e4uflich<\/p>\n\n\n\n<p><strong>DUO op. 7 (1954)<br><\/strong>f\u00fcr Klarinette und Klavier<br>9&#8242;<br>UE 12946 k\u00e4uflich &nbsp;<\/p>\n\n\n\n<p><strong>STREICHQUARTETT op. 2 (1951\/1952)<br><\/strong>14&#8242;<br>Verlag Bote &amp; Bock Partitur und Stimmen k\u00e4uflich&nbsp;<br>CD&nbsp;Koehne-Quartett-Wien, Creatives Centurm<\/p>\n\n\n\n<p><strong>MUSIK F\u00dcR ZWEI KLAVIERE op. 4 (1953)<\/strong><br>10&#8242;<br>Verlag Bote &amp; Bock&nbsp;k\u00e4uflich<\/p>\n\n\n\n<p><strong>FOR WILLIAM (1988)<\/strong><br>f\u00fcr neun Spieler<br>Instr: Fl., Klar. &#8211; Hrn., Trp. &#8211; Perc. &#8211; Klav. &#8211; Vl., Vla., Vcl.<br>5&#8242;<br>UE Auff\u00fchrungsmaterial leihweise &nbsp;<\/p>\n\n\n\n<p><strong>ECHOES (1988\/1989)<br><\/strong>f\u00fcr neun Spieler<br>Instr: Fl., Klar. &#8211; Hrn., Trp. &#8211; Perc. &#8211; Klav. &#8211; Vl., Vla., Vcl.<br>10&#8242;<br>UE 19250K Studienpartitur k\u00e4uflich \/ Auff\u00fchrungsmaterial leihweise<br>CD Francis Burt Amadeo 431 853 &#8211; 2 (\u00d6sterreichische Musik der Gegenwart)<\/p>\n\n\n\n<p><strong>F\u00dcR ALFRED SCHLEE (1991)<br><\/strong>Ein postmoderner Geburtstagsgru\u00df f\u00fcr Streichquartett<br>1&#8242;<br>UE Auff\u00fchrungsmaterial leihweise<br>CD&nbsp;Koehne-Quartett-Wien, Creatives Centurm<\/p>\n\n\n\n<p><strong>STREICHQUARTETT II (1993\/1994)<br><\/strong>14&#8242;<br>UE 30221 Partitur k\u00e4uflich \/ UE 30222K Stimmen k\u00e4uflich<br>CD&nbsp;Koehne-Quartett-Wien, Creatives Centurm<\/p>\n\n\n\n<p><strong>HOMMAGE \u00c0 JEAN-HENRI FABRE (1992\/1993)<br><\/strong>Eine bukolische Fantasie f\u00fcr 2 Fl\u00f6ten, Violine, Mandoline und Percussion<br>15&#8242;<br>UE 30228 Partitur k\u00e4uflich \/ UE 30229K Stimmensatz k\u00e4uflich<br>CD&nbsp;exxj Ensemble XX.Jahrhundert, Peter Burwik<\/p>\n\n\n\n<p><strong>Mohn und Ged\u00e4chtnis (f\u00fcr Paul Celan) f\u00fcr Ensemble (2010)<\/strong><br>Instrumente: 2 1 2 2 &#8211; 2 1 1 0 &#8211; Schl(2), Hf, Akk, Klav, Vl(4), Va, Vc, Kb<br>UE&nbsp;Auff\u00fchrungsmaterial leihweise<\/p>\n\n\n\n<p><strong>Variationen eines alten Liedes (f\u00fcr Klarinette in B, Akkordeon,&nbsp;Viola&nbsp;und Kontrabass) (2012)<\/strong><br>5&#8242;<br>UE&nbsp;35896, Kompositionsauftrag des Ensembles Wiener Collage<\/p>\n","protected":false},"excerpt":{"rendered":"<p>B\u00fchnenwerke VOLPONE or THE FOX op. 9 (1952\/1958; revidierte Fassung 1960\/1961)Opera in four Acts after the play by Ben Jonson; Originalsprache: Englisch, deutsche \u00dcbertragung: Arnold H. Eichmann.Volpone, Ba\u00df \/ Mosca, Tenor \/ Voltore, Bariton \/ Corbaccio, Tenor \/ Corvino, Ba\u00df \/ Bonario, Bariton \/ Celia, Sopran \/ Androgyno, Mezzosopran \/ Nano, Tenor \/ Buffone, Bariton&hellip;<\/p>\n","protected":false},"author":1,"featured_media":0,"parent":0,"menu_order":0,"comment_status":"closed","ping_status":"closed","template":"","meta":{"footnotes":""},"class_list":["post-30","page","type-page","status-publish","hentry","post"],"_links":{"self":[{"href":"https:\/\/johanneskretz.bplaced.net\/WWW-BURT\/index.php?rest_route=\/wp\/v2\/pages\/30","targetHints":{"allow":["GET"]}}],"collection":[{"href":"https:\/\/johanneskretz.bplaced.net\/WWW-BURT\/index.php?rest_route=\/wp\/v2\/pages"}],"about":[{"href":"https:\/\/johanneskretz.bplaced.net\/WWW-BURT\/index.php?rest_route=\/wp\/v2\/types\/page"}],"author":[{"embeddable":true,"href":"https:\/\/johanneskretz.bplaced.net\/WWW-BURT\/index.php?rest_route=\/wp\/v2\/users\/1"}],"replies":[{"embeddable":true,"href":"https:\/\/johanneskretz.bplaced.net\/WWW-BURT\/index.php?rest_route=%2Fwp%2Fv2%2Fcomments&post=30"}],"version-history":[{"count":2,"href":"https:\/\/johanneskretz.bplaced.net\/WWW-BURT\/index.php?rest_route=\/wp\/v2\/pages\/30\/revisions"}],"predecessor-version":[{"id":80,"href":"https:\/\/johanneskretz.bplaced.net\/WWW-BURT\/index.php?rest_route=\/wp\/v2\/pages\/30\/revisions\/80"}],"wp:attachment":[{"href":"https:\/\/johanneskretz.bplaced.net\/WWW-BURT\/index.php?rest_route=%2Fwp%2Fv2%2Fmedia&parent=30"}],"curies":[{"name":"wp","href":"https:\/\/api.w.org\/{rel}","templated":true}]}}