{"id":34,"date":"2025-04-07T22:38:45","date_gmt":"2025-04-07T22:38:45","guid":{"rendered":"http:\/\/johanneskretz.bplaced.net\/WWW-BURT\/?page_id=34"},"modified":"2025-04-07T22:39:17","modified_gmt":"2025-04-07T22:39:17","slug":"biography","status":"publish","type":"page","link":"https:\/\/johanneskretz.bplaced.net\/WWW-BURT\/?page_id=34&lang=en","title":{"rendered":"Biography"},"content":{"rendered":"\n<p class=\"has-text-align-center\">Born in London, 28 April 1926; resident in Vienna (Austria) since 1956, died on Oct. 3rd 2012 in Hartberg (Styria)<\/p>\n\n\n\n<div style=\"height:40px\" aria-hidden=\"true\" class=\"wp-block-spacer\"><\/div>\n\n\n<div class=\"wp-block-image\">\n<figure class=\"aligncenter size-full\"><img loading=\"lazy\" decoding=\"async\" width=\"544\" height=\"354\" src=\"http:\/\/johanneskretz.bplaced.net\/WWW-BURT\/wp-content\/uploads\/2025\/04\/smAction.jpeg\" alt=\"\" class=\"wp-image-18\" srcset=\"https:\/\/johanneskretz.bplaced.net\/WWW-BURT\/wp-content\/uploads\/2025\/04\/smAction.jpeg 544w, https:\/\/johanneskretz.bplaced.net\/WWW-BURT\/wp-content\/uploads\/2025\/04\/smAction-300x195.jpeg 300w\" sizes=\"auto, (max-width: 544px) 100vw, 544px\" \/><\/figure>\n<\/div>\n\n\n<div style=\"height:100px\" aria-hidden=\"true\" class=\"wp-block-spacer\"><\/div>\n\n\n<p><b>Education<br \/><\/b>1943 St. Edward&#8217;s School Oxford: Higher School Certificate (physics, chemistry, mathematics)<br \/>1944-1948 army service, including short army course in engineering at the University of Cambridge (1944-1945)<br \/>1946\/1947 16 months as first lieutenant in Nigeria (Aba, Kaduna, Lagos)<br \/>1948-1951 Royal Academy of Music London: composition (Howard Ferguson)<br \/>1949-1951 annual Summer School of Music Bryanston resp. Dartington<br \/>1951-1954 Hochschule f\u00fcr Musik Berlin: composition (Boris Blacher)<br \/>1953 International summer courses for new music Darmstadt<\/p>\n\n\n<p><br><b>Professional Activity<br><\/b>1973 appointed professor of composition at the Hochschule f\u00fcr Musik Vienna; 1992 emeritus<br>1987 as vice-president of the ISCM (Austrian section) organised the first &#8220;Lange Nacht der neuen Kl\u00e4nge&#8221; in the Konzerthaus, Vienna<br>1989-1991 Director of the Institute for Electroacoustic Music at the Hochschule f\u00fcr Musik, Vienna<br><b>Awards<\/b><br>1954 Mendelssohn Scholarship (Royal Academy \/ Royal College of Music)<br>1956 Fellowship of the Fondation Europ\u00e9enne de la Culture<br>1957 Associate of the Royal Academy of Music<br>1973 Theodor K\u00f6rner Prize<br>1978 W\u00fcrdigungspreis f\u00fcr Musik Austrian Federal Ministry of Education and Art<br>1981 City of Vienna Prize for Music<br>1992 Gro\u00dfes Silbernes Ehrenzeichen f\u00fcr Verdienste um die Republik \u00d6sterreich<br>1994 Honorary membership of the Society for Electroacoustic Music (GEM)<\/p>\n\n\n\n<p><br><b>Performances<\/b><br>1953 Berlin, International summer courses for new music Darmstadt<br>1955 Baden-Baden, ISCM-festival<br>1956 and 1960 Cheltenham Festival<br>1960 W\u00fcrttembergische Staatsoper Stuttgart<br>1961,1964 and 1965 Festival Hall London<br>1964 Genf, Lausanne<br>1965 Landestheater Hannover<br>1966, 1969 and 1983 Vereinigte B\u00fchnen Graz<br>1968 Theater an der Wien<br>1969 St. Louis\/USA<br>1972 Santiago de Chile<br>1972-1978 National Opera Belgrad<br>1976 Wiener Festwochen<br>1979 Seoul<br>1982 Staatsoper Wien<br>1984 Salzburger Festspiele<br>1986 Madrid<br>1991 Festival de Paris, Contemporary Music Festival Huddersfield<br>1994 Barbican Centre London<br>1995 Wien modern<br>1997 Kattowice<br>1998 Linz: Francis Burt days (<a href=\"http:\/\/www.brucknerhaus.linz.at\/\" target=\"_blank\" rel=\"noopener\">Brucknerhaus Linz<\/a><span style=\"color: #000000;\">)<br>etc.<\/span><\/p>\n\n\n\n<p><br><b>Comissions<\/b><br>BBC, Staatstheater Kassel, Manfred von Mautner Markhof, Wiener Symphoniker, Ensemble 20. Jahrhundert, Maximilian Melcher,<br>Gesellschaft der Musikfreunde Wien<\/p>\n","protected":false},"excerpt":{"rendered":"<p>Born in London, 28 April 1926; resident in Vienna (Austria) since 1956, died on Oct. 3rd 2012 in Hartberg (Styria) Education1943 St. Edward&#8217;s School Oxford: Higher School Certificate (physics, chemistry, mathematics)1944-1948 army service, including short army course in engineering at the University of Cambridge (1944-1945)1946\/1947 16 months as first lieutenant in Nigeria (Aba, Kaduna, Lagos)1948-1951&hellip;<\/p>\n","protected":false},"author":1,"featured_media":0,"parent":0,"menu_order":0,"comment_status":"closed","ping_status":"closed","template":"","meta":{"footnotes":""},"class_list":["post-34","page","type-page","status-publish","hentry","post"],"_links":{"self":[{"href":"https:\/\/johanneskretz.bplaced.net\/WWW-BURT\/index.php?rest_route=\/wp\/v2\/pages\/34","targetHints":{"allow":["GET"]}}],"collection":[{"href":"https:\/\/johanneskretz.bplaced.net\/WWW-BURT\/index.php?rest_route=\/wp\/v2\/pages"}],"about":[{"href":"https:\/\/johanneskretz.bplaced.net\/WWW-BURT\/index.php?rest_route=\/wp\/v2\/types\/page"}],"author":[{"embeddable":true,"href":"https:\/\/johanneskretz.bplaced.net\/WWW-BURT\/index.php?rest_route=\/wp\/v2\/users\/1"}],"replies":[{"embeddable":true,"href":"https:\/\/johanneskretz.bplaced.net\/WWW-BURT\/index.php?rest_route=%2Fwp%2Fv2%2Fcomments&post=34"}],"version-history":[{"count":2,"href":"https:\/\/johanneskretz.bplaced.net\/WWW-BURT\/index.php?rest_route=\/wp\/v2\/pages\/34\/revisions"}],"predecessor-version":[{"id":36,"href":"https:\/\/johanneskretz.bplaced.net\/WWW-BURT\/index.php?rest_route=\/wp\/v2\/pages\/34\/revisions\/36"}],"wp:attachment":[{"href":"https:\/\/johanneskretz.bplaced.net\/WWW-BURT\/index.php?rest_route=%2Fwp%2Fv2%2Fmedia&parent=34"}],"curies":[{"name":"wp","href":"https:\/\/api.w.org\/{rel}","templated":true}]}}